{"id":2,"date":"2008-10-18T22:06:29","date_gmt":"2008-10-18T20:06:29","guid":{"rendered":"http:\/\/xatafi.com\/prospectiva\/?page_id=2"},"modified":"2012-12-21T16:41:11","modified_gmt":"2012-12-21T14:41:11","slug":"about","status":"publish","type":"page","link":"http:\/\/www.literaturaprospectiva.com\/?page_id=2","title":{"rendered":"Nosotros"},"content":{"rendered":"<p>Prospectiva es un proyecto de la <a title=\"Xatafi\" href=\"http:\/\/www.xatafi.com\/\" target=\"_blank\">Asociaci\u00f3n Cultural Xatafi<\/a>.<\/p>\n<h3>Editores<\/h3>\n<p class=\"MsoNormal\"><strong>Julio Igualador \u00abIulius\u00bb<\/strong> (1968). Escritor tard\u00edo, perezoso y a deshoras. Editor diminuto en <a title=\"Nanoediciones\" href=\"http:\/\/nanoediciones.com\" target=\"_blank\">Nanoediciones<\/a>. Con irritante aperiodicidad, postula nonadas en <a href=\"http:\/\/nodulos.blogspot.com\/\" target=\"_blank\">http:\/\/nodulos.blogspot.com<\/a>.<\/p>\n<p class=\"MsoNormal\"><strong>Ignacio Illarregui<\/strong> (Santander, 1974) es profesor de Secundaria en el colegio La Ense\u00f1anza de Santander. Fue coordinador de contenidos del portal <em>Cyberdark.net<\/em>, ha colaborado con revistas como <em>Gigamesh, Solaris <\/em>o <em><a href=\"http:\/\/revistahelice.com\">H\u00e9lice<\/a> <\/em>y ha mantenido durante tres a\u00f1os la web de cr\u00edtica de literatura fant\u00e1stica <em>C<\/em>. Desde febrero de 2005 dedica parte de su tiempo libre al blog <em><a href=\"http:\/\/aburreovejas.com\">Aburreovejas<\/a><\/em>.<\/p>\n<p class=\"MsoNormal\"><strong>Jos\u00e9 Ram\u00f3n V\u00e1zquez<\/strong> (1985). Licenciado en f\u00edsica por la Universidad Complutense de Madrid, donde actualmente realiza el doctorado, vive entre Madrid y su ciudad natal de Segovia. Escritor de varios relatos breves publicados en diversas revistas de g\u00e9nero, colabora con <em>Literatura Prospectiva<\/em> desde sus inicios.<\/p>\n<h3>Han sido editores de Prospectiva<\/h3>\n<p class=\"MsoNormal\"><strong>Juli\u00e1n D\u00edez <\/strong>(1968) es periodista y trabaja actualmente en el diario econ\u00f3mico <em>Cinco D\u00edas<\/em>, adem\u00e1s de colaborar con medios como <em>El Pa\u00eds<\/em> o <em>XLSemanal<\/em>. En el campo de la ciencia ficci\u00f3n, dirigi\u00f3 la revista <em>Gigamesh<\/em> durante siete a\u00f1os -1994-2001-, y co-seleccion\u00f3 las antolog\u00edas <em>Artifex<\/em> durante ocho -1998-2006-, adem\u00e1s de crear en 1992 las antolog\u00edas Visiones y coordinar varios libros como ensayista y ant\u00f3logo. Es uno de los fundadores de la <a href=\"http:\/\/www.xatafi.com\">Asociaci\u00f3n Cultural Xatafi<\/a>. Est\u00e1 casado, tiene una hija y vive a caballo entre Getafe y la comarca abulense de la Alta Mora\u00f1a.<\/p>\n<p><strong>Santiago Eximeno <\/strong>(1973) es una mente inquieta y creativa devorada por la oscuridad. Ha publicado varias novelas y antolog\u00edas, la m\u00e1s reciente: <em>Beb\u00e9s jugando con cuchillos<\/em> (Grupo AJEC, 2008). Sus relatos, siempre oscuros, siempre dolorosos, han aparecido en revistas y fanzines y han invadido la red de redes. Ha sido traducido a varios idiomas y ha sido galardonado con varios premios, entre ellos tres veces Premio Ignotus al mejor relato.<\/p>\n<p><strong>J. Fidel Ins\u00faa <\/strong>(Madrid, 1974) qu\u00edmico de formaci\u00f3n, asesor de est\u00e9tica de profesi\u00f3n. Apasionado a la literatura fant\u00e1stica y el c\u00f3mic ha colaborado en revistas como <em>Gigamesh, Solaris, 2001 <\/em>y <em>Galaxia<\/em>, el peri\u00f3dico <a href=\"http:\/\/www.diagonalperiodico.net\"><em>Diagonal<\/em><\/a> y en webs como Cyberdark.net, C y Bibli\u00f3polis. Es miembro fundador de la Asociaci\u00f3n Cultural Xatafi, y est\u00e1 embarcado en los distintos proyectos de misma.<\/p>\n<h3>Han colaborado en la edici\u00f3n de Prospectiva<\/h3>\n<p class=\"MsoNormal\"><strong>Pily B.<\/strong> (1972) se considera\u00a0so\u00f1adora empedernida y entusiasta hasta la m\u00e9dula. Ha sido co-seleccionadora\u00a0de la desaparecida antolog\u00eda <em>\u00daltimas Fronteras<\/em>, editadada por el tambi\u00e9n desaparecido Club Star Trek de Madrid. Coordin\u00f3 durante 5 a\u00f1os e-LIBRIS, la biblioteca electr\u00f3nica de la <a href=\"http:\/\/www.aefcft.com\">Asociaci\u00f3n Espa\u00f1ola de Fantas\u00eda, Ciencia Ficci\u00f3n y Terror<\/a> (de la que es socia). Ha sido jurado en diversos premios\u00a0y, actualmente,\u00a0es parte activa del <a href=\"http:\/\/premiointernacional.blogspot.com\">PIEE (Premio\u00a0Internacional de la Editoriales Electr\u00f3nicas)<\/a>. Ha colaborado rese\u00f1ando en diversas revistas. Co-seleccion\u00f3 el pasado a\u00f1o la antolog\u00eda <em>Fabricantes<\/em><em> de Sue\u00f1os<\/em> (editada por la AEFCFT), pero uno de sus mayores logros ha sido dar vida a la galaxia anaranjada <a href=\"http:\/\/www.ngc3660.es\">NGC 3660<\/a> (Premio Ignotus 2008).<\/p>\n<p><strong>Juan Antonio Fern\u00e1ndez Madrigal <\/strong>(1970) es una congregaci\u00f3n de materia inquisitiva que no para de preguntarse por todo. Por ejemplo, c\u00f3mo es que las palabras escritas pueden causar sensaciones; por ello publica dos novelas (<em>Ciclo de sue\u00f1os<\/em>, Espiral CF 2001; <em>Umma<\/em>, Ed. Parnaso 2004) y dos antolog\u00edas de relatos (<em>Dama Eternidad<\/em>, Libro Andr\u00f3meda 2004; <em>Magn\u00edfica V\u00edbora de las Formas<\/em>, Grupo AJEC 2007), adem\u00e1s de m\u00e1s de un centenar de relatos en muy diversos medios de g\u00e9nero fant\u00e1stico desde 1993. Tambi\u00e9n se pregunta si es posible que una m\u00e1quina pueda pensar y actuar como algo inteligente; por eso investiga en rob\u00f3tica desde 1998, con una veintena de art\u00edculos en revistas internacionales. Anda asimismo pregunt\u00e1ndose, desde la tierna edad de catorce a\u00f1os, c\u00f3mo es que se puede ordenar a un objeto inanimado que haga cosas, y de ah\u00ed surge, entre otros muchos programas de ordenador, la biblioteca virtual <a href=\"http:\/\/biblion.jafma.net\" target=\"_blank\">Biblion<\/a>. \u00bfY c\u00f3mo es que unos trazos en un papel despiertan la imaginaci\u00f3n? Pues perge\u00f1a dibujos, dise\u00f1os e ilustraciones. \u00bfY de qu\u00e9 manera se puede explicar algo para que alguien lo entienda? Pues da clases en la Universidad de M\u00e1laga desde 2000&#8230; Se pregunta, en fin, c\u00f3mo puede ser que alguien le haya invitado a participar en esta emocionante aventura estando tan perdido.<\/p>\n<p><strong>Alejandro Moia <\/strong>(Buenos Aires, 1980) no es inform\u00e1tico, es Programador (Analista Programador, me corrige). Lleg\u00f3 a Madrid seis a\u00f1os antes del lanzamiento de LiteraturaProspectiva.com y desde hace tres es parte de Xatafi, cumpliendo fielmente su papel de dise\u00f1ador en particular y conspirador en general. Es maquetador e ilustrador de las revistas <em>H\u00e9lice<\/em> y <em>Artifex<\/em>, dise\u00f1ador de la p\u00e1gina de <a href=\"http:\/\/xatafi.com\">Xatafi <\/a>y de la excelente primera versi\u00f3n de Literatura Prospectiva -que no la actual-, junto con Santiago Eximeno. Aunque \u00abesto del dise\u00f1o est\u00e1 bien\u00bb, dice, su afici\u00f3n preferida es la fotograf\u00eda, d\u00e1ndonos <a href=\"http:\/\/alemonio.deviantart.com \">esta p\u00e1gina<\/a> como ejemplo. Ha colaborado con <em>Bibli\u00f3polis<\/em>, con uno de sus <em>brom\u00f3leos<\/em><em> <\/em>en la portada de <em>Jabberwock 2<\/em>. Tambi\u00e9n colabora como dise\u00f1ador (y fot\u00f3grafo para portadas) con<em> <\/em><a href=\"http:\/\/www.portaleditions.com\"><em>Portal Editions<\/em><\/a>. Vive con Olga y su demonio negro Ateo.<\/p>\n<p><strong>Fernando \u00c1ngel Moreno <\/strong>(Madrid, 1971) se etiqueta como \u00abnihilista vitalista\u00bb, pero sobre todo es un fan\u00e1tico de la ficci\u00f3n especulativa en cualquiera de sus variantes, en busca siempre del equilibrio entre academicismo y divulgaci\u00f3n. Ha escrito art\u00edculos para diversas publicaciones (<em>Dicenda<\/em>, <em>Letras de Deusto<\/em>, <em>Per Abbat<\/em>, <em>Jabberwock<\/em>\u2026), pero su labor principal es la cr\u00edtica estructuralista, cercana al ensayo, sobre literatura, arte, cine y teatro. Miembro fundador de la Asociaci\u00f3n Cultural Xatafi, es uno de los colaboradores habituales de <a href=\"http:\/\/revistahelice.com\"><em>H\u00e9lice: reflexiones cr\u00edticas sobre ficci\u00f3n especulativa<\/em><\/a>. Tambi\u00e9n mantiene una columna peri\u00f3dica sobre teatro en la revista <a href=\"http:\/\/www.territoriomacondo.es\"><em>Territorio Macondo<\/em><\/a>. Fue profesor de Semi\u00f3tica Cultural en la Universidad Alfonso X. Actualmente es profesor de Teor\u00eda de la Literatura y de Teor\u00eda del Teatro en la UCM, donde se doctor\u00f3 con una tesis sobre Teor\u00eda de la Literatura de Ciencia ficci\u00f3n. Tambi\u00e9n ejerce como profesor y director del departamento de Lengua Castellana y Literatura del Centro Obispo Perell\u00f3. Es tambi\u00e9n responsable de un taller sobre Cr\u00edtica Cinematogr\u00e1fica para la Comunidad Aut\u00f3noma de Madrid. Tiene pendiente de publicaci\u00f3n una extensa teor\u00eda sobre los g\u00e9neros especulativos y, m\u00e1s concretamente, sobre la literatura prospectiva. Vive en el barrio de La Guindalera (Madrid) con Montse, Nokra y Sekhmet.<\/p>\n<p><strong>Javier Romero Aranda <\/strong>(Ja\u00e9n, 1969) inform\u00e1tico dedicado a la programaci\u00f3n y trasplantado a Madrid. Desde 1998 mantiene y gestiona la web <a href=\"http:\/\/www.stardustcf.com\">Stardust<\/a>. Adem\u00e1s ha sido miembro de la junta de la AEFCFT,\u00a0 seleccionador del <em>Fabricantes de Sue\u00f1os 2002-2003<\/em>, y ha colaborado en revistas como <em>Solaris, 2001 <\/em>y <em>Gigamesh<\/em>. Esta casado y tiene un ni\u00f1o de 16 meses al que empieza a contagiar su pasi\u00f3n por los libros.<\/p>\n<p class=\"MsoNormal\"><strong>Mariano Villarreal <\/strong>(1967) es responsable inform\u00e1tico del Departamento de Transportes y Obras P\u00fablicas de Gobierno Vasco. Es administrador del portal web <a href=\"http:\/\/literfan.cyberdark.net \"><em>Literatura Fant\u00e1stica<\/em> <\/a>y miembro de la AEFCFT, de la que fue administrador de los Premios Ignotus durante cinco a\u00f1os. Ha sido seleccionador de las antolog\u00edas <em>Visiones 2006<\/em> y <em>Fabricante de sue\u00f1os 2000<span style=\"font-style: normal;\">, ha<\/span><span style=\"font-style: normal;\"> colaborado en diversos medios especializados (<\/span><a href=\"http:\/\/www.bemonline.com\">BEM<\/a>, Solaris, <a href=\"http:\/\/revistahelice.com\">H\u00e9lice<\/a><\/em>), adem\u00e1s de ser jurado en varios premios como el Xatafi-Cyberdark de la cr\u00edtica especializada en literatura fant\u00e1stica.<\/p>\n<p><strong>Federico Guillermo Witt Sousa<\/strong> (Madrid, 1967) es doctor en Biolog\u00eda y ha dedicado quince a\u00f1os al estudio del metabolismo fotosint\u00e9tico de las algas de agua dulce, repartiendo sus actividades entre el CSIC, en Espa\u00f1a, y la Universidad de Darmstadt, en Alemania. Despu\u00e9s de vivir en Madrid y Heidelberg, desde 2005, a\u00f1o en que naci\u00f3 su hija, ha fijado su residencia en C\u00f3rdoba y es traductor. Habiendo publicado anteriormente numerosos art\u00edculos en revistas cient\u00edficas y siendo coautor de una patente internacional, en 2006 comenz\u00f3 a dejarse caer de forma activa por el mundo de la ciencia ficci\u00f3n. Aunque lo que m\u00e1s le gusta es escribir, tanto ficci\u00f3n como art\u00edculos de opini\u00f3n, durante la mayor parte del tiempo que dedica en internet al g\u00e9nero realiza labores editoriales no profesionales y administra el <a href=\"http:\/\/www.portal-cifi.com\">Portal de Ciencia Ficci\u00f3n<\/a>. Tambi\u00e9n forma parte del equipo editorial del taller <a href=\"http:\/\/forjadores.net\">Los Forjadores<\/a>.<\/p>\n","protected":false},"excerpt":{"rendered":"<p>Prospectiva es un proyecto de la Asociaci\u00f3n Cultural Xatafi. Editores Julio Igualador \u00abIulius\u00bb (1968). Escritor tard\u00edo, perezoso y a deshoras. Editor diminuto en Nanoediciones. Con irritante aperiodicidad, postula nonadas en http:\/\/nodulos.blogspot.com. Ignacio Illarregui (Santander, 1974) es profesor de Secundaria en [&hellip;]<\/p>\n","protected":false},"author":1,"featured_media":0,"parent":0,"menu_order":0,"comment_status":"open","ping_status":"open","template":"","meta":{"footnotes":""},"class_list":["post-2","page","type-page","status-publish","hentry"],"_links":{"self":[{"href":"http:\/\/www.literaturaprospectiva.com\/index.php?rest_route=\/wp\/v2\/pages\/2","targetHints":{"allow":["GET"]}}],"collection":[{"href":"http:\/\/www.literaturaprospectiva.com\/index.php?rest_route=\/wp\/v2\/pages"}],"about":[{"href":"http:\/\/www.literaturaprospectiva.com\/index.php?rest_route=\/wp\/v2\/types\/page"}],"author":[{"embeddable":true,"href":"http:\/\/www.literaturaprospectiva.com\/index.php?rest_route=\/wp\/v2\/users\/1"}],"replies":[{"embeddable":true,"href":"http:\/\/www.literaturaprospectiva.com\/index.php?rest_route=%2Fwp%2Fv2%2Fcomments&post=2"}],"version-history":[{"count":29,"href":"http:\/\/www.literaturaprospectiva.com\/index.php?rest_route=\/wp\/v2\/pages\/2\/revisions"}],"predecessor-version":[{"id":52,"href":"http:\/\/www.literaturaprospectiva.com\/index.php?rest_route=\/wp\/v2\/pages\/2\/revisions\/52"}],"wp:attachment":[{"href":"http:\/\/www.literaturaprospectiva.com\/index.php?rest_route=%2Fwp%2Fv2%2Fmedia&parent=2"}],"curies":[{"name":"wp","href":"https:\/\/api.w.org\/{rel}","templated":true}]}}