{"id":11,"date":"2008-10-23T15:13:03","date_gmt":"2008-10-23T13:13:03","guid":{"rendered":"http:\/\/xatafi.com\/prospectiva\/?page_id=11"},"modified":"2013-09-28T10:23:47","modified_gmt":"2013-09-28T08:23:47","slug":"enlaces","status":"publish","type":"page","link":"https:\/\/www.literaturaprospectiva.com\/?page_id=11","title":{"rendered":"Enlaces"},"content":{"rendered":"<p><span style=\"text-decoration: underline;\"><span style=\"font-size: medium;\"><strong>Webs de recursos<\/strong><\/span><\/span><\/p>\n<p><a href=\"http:\/\/www.alt64.org\/wiki\/index.php\/Portada\" target=\"_blank\">Alt +64<\/a><\/p>\n<p><a href=\"http:\/\/www.tercerafundacion.net\" target=\"_blank\">La tercera fundaci\u00f3n<\/a><\/p>\n<p><a href=\"http:\/\/www.lecturalia.com\" target=\"_blank\">Lecturalia<\/a><\/p>\n<p><a href=\"http:\/\/literfan.cyberdark.net\" target=\"_blank\">Literatura fant\u00e1stica<\/a><a href=\"http:\/\/www.ttrantor.org\" target=\"_blank\"><br \/>\n<\/a><\/p>\n<p><a href=\"http:\/\/leelibros.com\" target=\"_blank\">Lee Libros<\/a><\/p>\n<p><a href=\"http:\/\/asimov.escritoenelagua.com\">P\u00e1gina sobre Isaac Asimov de Rodolfo Mart\u00ednez<\/a><\/p>\n<p><a href=\"http:\/\/www.ttrantor.org\" target=\"_blank\">T\u00e9rminus Tr\u00e1ntor<\/a><\/p>\n<p><span style=\"text-decoration: underline;\"><span style=\"font-size: medium;\"><strong>Revistas y webs de cr\u00edtica<\/strong><\/span><\/span><\/p>\n<p><a href=\"http:\/\/www.alfaeridiani.com\/\">Alfa Eridani<\/a><\/p>\n<p><a href=\"http:\/\/www.aurorabitzine.com\" target=\"_blank\">Aurora Bitzine<\/a><\/p>\n<p><a href=\"http:\/\/www.bemonline.com\" target=\"_blank\">Bem Online<\/a><\/p>\n<p><a href=\"http:\/\/www.bibliopolis.org\/\" target=\"_blank\">Bibli\u00f3polis<\/a><\/p>\n<p><a href=\"http:\/\/www.ccyberdark.net\/\" target=\"_blank\">C, el hijo de Cyberdark<\/a><\/p>\n<p><a href=\"http:\/\/www.revistacuasar.com.ar\/\" target=\"_blank\">Cuasar<\/a><\/p>\n<p><a href=\"http:\/\/www.revistahelice.com\">H\u00e9lice<\/a><\/p>\n<p><a href=\"http:\/\/latormentaenunvaso.blogspot.com\/\" target=\"_blank\">La tormenta en un vaso<\/a> <a href=\"http:\/\/www.sagacomic.com\/\" target=\"_blank\"><br \/>\n<\/a><\/p>\n<p><a href=\"http:\/\/www.sagacomic.com\/\" target=\"_blank\">Lothl\u00f3rien<\/a><\/p>\n<p><a title=\"Revista dedicada al g\u00e9nero, en catal\u00e1n\" href=\"http:\/\/ovelleselectriques.blogspot.com\/\" target=\"_blank\">Ovelles el\u00e8ctriques<\/a><\/p>\n<p><a href=\"http:\/\/planetasprohibidos.blogspot.com\/\" target=\"_blank\">Planetas prohibidos<\/a><\/p>\n<p><a href=\"http:\/\/www.sacodementiras.com\/\" target=\"_blank\">Saco de mentiras<\/a><\/p>\n<p><a href=\"http:\/\/www.tauzero.org\">Tau Zero<\/a><\/p>\n<p><a href=\"http:\/\/www.velero25.net\" target=\"_blank\">Velero 25<\/a><\/p>\n<p><span style=\"font-size: medium;\"><span style=\"text-decoration: underline;\"><strong>Portales<\/strong><\/span><\/span><a href=\"http:\/\/www.sedice.com\" target=\"_blank\"><br \/>\n<\/a><\/p>\n<p><a href=\"http:\/\/www.axxon.com.ar\" target=\"_blank\">Axxon<\/a><\/p>\n<p><a href=\"http:\/\/www.fantasymundo.com\/\" target=\"_blank\">Fantasymundo<\/a><\/p>\n<p><a href=\"http:\/\/www.sedice.com\" target=\"_blank\">Sedice<\/a><\/p>\n<p><span style=\"font-size: medium;\"><span style=\"text-decoration: underline;\"><strong>Asociaciones<\/strong><\/span><\/span><a href=\"http:\/\/www.sedice.com\" target=\"_blank\"><br \/>\n<\/a><\/p>\n<p><a href=\"http:\/\/www.aefcft.com\" target=\"_blank\">Asociaci\u00f3n Espa\u00f1ola de Fantas\u00eda, Ciencia Ficci\u00f3n y Terror<\/a><\/p>\n<p><a href=\"http:\/\/www.sccff.cat\" target=\"_blank\">Societat Catalana de Ci\u00e8ncia Ficci\u00f3 i Fantasia<\/a><\/p>\n<p><a href=\"http:\/\/agasf.com\" target=\"_blank\">Asociaci\u00f3n Galega de Ciencia Ficci\u00f3n<\/a><\/p>\n<p><span style=\"font-size: medium;\"><span style=\"text-decoration: underline;\"><strong>Clubes de lectura<\/strong><\/span><\/span><a href=\"http:\/\/www.sedice.com\" target=\"_blank\"><br \/>\n<\/a><\/p>\n<p><a title=\"Jaume Fuster fant\u00e0stic\" href=\"https:\/\/cllfjaumefuster.wordpress.com\/\" target=\"_blank\">Club de literatura fant\u00e1stica de la biblioteca Jaume Fuster<\/a><\/p>\n<p><span style=\"text-decoration: underline;\"><span style=\"font-size: medium;\"><strong>Noticias<\/strong><\/span><\/span><\/p>\n<p><a href=\"http:\/\/notcf.blogspot.com\" target=\"_blank\"> Noticias de ciencia ficci\u00f3n<\/a><\/p>\n<p><a href=\"http:\/\/www.stardustcf.com\" target=\"_blank\">StarDustCF<\/a><\/p>\n<p><span style=\"text-decoration: underline;\"><span style=\"font-size: medium;\"><strong>Blogs de escritores en lengua castellana<\/strong><\/span><\/span><\/p>\n<p><a href=\"http:\/\/www.monstruosfelices.es\" target=\"_blank\">Alfredo \u00c1lamo<\/a><\/p>\n<p><a href=\"http:\/\/www.sehacesaber.org\/chavales16-18?idContenido=5510&amp;edad=5\" target=\"_blank\"> Elia Barcel\u00f3<\/a><\/p>\n<p><a href=\"http:\/\/vidasexualdelaia.blogspot.com\/\" target=\"_blank\">Luis Besa<\/a><\/p>\n<p><a title=\"Jon Bilbao\" href=\"http:\/\/jonbilbao.wordpress.com\/\" target=\"_blank\">Jon Bilbao<\/a><\/p>\n<p><a href=\"http:\/\/victorconde2000.wordpress.com\">V\u00edctor Conde<\/a><\/p>\n<p><a href=\"http:\/\/thesideshowfreaks.blogspot.com\" target=\"_blank\"> Juan D\u00edaz Olmedo<\/a><\/p>\n<p><a title=\"Santiago Eximeno\" href=\"http:\/\/eximeno.com\/umbria\/\" target=\"_blank\">Santiago Eximeno<\/a><\/p>\n<p><a href=\"http:\/\/jafma.net\/\" target=\"_blank\">Juan Antonio Fern\u00e1ndez Madrigal<\/a><\/p>\n<p><a href=\"http:\/\/tantogilipollas.blogspot.com\/\" target=\"_blank\">V\u00edctor Miguel Gallardo<\/a><\/p>\n<p><a href=\"http:\/\/facilparanosotros.blogspot.com\/\" target=\"_blank\">Pedro Pablo Garc\u00eda May<\/a><\/p>\n<p><a href=\"http:\/\/cuentosgvh.blogspot.com\/\" target=\"_blank\"> Sergio Gaut vel Hartman<\/a><\/p>\n<p><a href=\"http:\/\/fraternidadbabel.blogspot.com\/\" target=\"_blank\"> C\u00e9sar Mallorqu\u00ed<\/a><\/p>\n<p><a href=\"http:\/\/crisei.blogalia.com\" target=\"_blank\">Rafael Mar\u00edn<\/a><\/p>\n<p><a href=\"http:\/\/rescepto.wordpress.com\/\" target=\"_blank\">Sergio Mars<\/a><\/p>\n<p><a href=\"http:\/\/www.escritoenelagua.com\/\" target=\"_blank\"> Rodolfo Mart\u00ednez<\/a><\/p>\n<p><a href=\"http:\/\/nuevaspalabrasmagicas.blogspot.com\/\" target=\"_blank\"> Ismael Mart\u00ednez Biurrun<\/a><\/p>\n<p><a href=\"http:\/\/www.davidmateo.net\" target=\"_blank\">David Mateo<\/a><\/p>\n<p><a href=\"http:\/\/www.felixjpalma.es\/blog\/3\" target=\"_blank\"> F\u00e9lix J. Palma<\/a><\/p>\n<p><a href=\"http:\/\/www.sergioparra.net\/~sparra\/wordpress\/index.php\" target=\"_blank\"> Sergio Parra<\/a><\/p>\n<p><a href=\"http:\/\/fjavierp.wordpress.com\/\" target=\"_blank\">Francisco Javier P\u00e9rez<\/a><\/p>\n<p><a href=\"http:\/\/pfjcplanells3.spaces.msn.com\/PersonalSpace.aspx\" target=\"_blank\"> Juan Carlos Planells<\/a><\/p>\n<p><a title=\"Blog del autor de Recalibrados y Las graves planicies\" href=\"http:\/\/unahistoriadelafrontera.blogspot.com\/\" target=\"_blank\">Antonio Santos<\/a><\/p>\n<p><a href=\"http:\/\/blog.marcrsoto.es\/\" target=\"_blank\"> Marc R. Soto<\/a><\/p>\n<p><a href=\"http:\/\/vidas-ajenas.blogspot.com\/\" target=\"_blank\"> Jos\u00e9 Antonio del Valle<\/a><\/p>\n<p><a href=\"http:\/\/www.susanavallejo.com\/\" target=\"_blank\">Susana Vallejo<\/a><\/p>\n<p><a href=\"http:\/\/www.eduardovaquerizo.com\/\" target=\"_blank\"> Eduardo Vaquerizo<\/a><\/p>\n<p><span style=\"text-decoration: underline;\"><span style=\"font-size: medium;\"><strong>Blogs de lectores y especialistas<\/strong><\/span><\/span><\/p>\n<p><a href=\"http:\/\/aburreovejas.com\/\" target=\"_blank\"> Aburreovejas<\/a><\/p>\n<p><a title=\"Blod de Luis G. Prado, editor de Alamut\" href=\"http:\/\/artifexplus.blogspot.com\/\" target=\"_blank\">Artifex Plus<\/a><\/p>\n<p><a href=\"http:\/\/avaloncity.blogspot.com\/\" target=\"_blank\"> Avalon City<\/a><\/p>\n<p><a href=\"http:\/\/fan-taciencia.blogspot.com\/\" target=\"_blank\"> D\u00edas de vino y fandom<\/a><\/p>\n<p><a href=\"http:\/\/dondenomellaman.bitacoras.com\/\" target=\"_blank\"> Donde no me llaman<\/a><\/p>\n<p><a href=\"http:\/\/mallart.blogspot.com\/\" target=\"_blank\"> Ecos cavernarios<\/a><\/p>\n<p><a href=\"http:\/\/eltrasguprobabilista.wordpress.com\/\" target=\"_blank\"> El trasgu probabilista<\/a><\/p>\n<p><a href=\"http:\/\/francissco.blogspot.com\/\" target=\"_blank\"> El v\u00f3rtice de mis ideas<\/a><\/p>\n<p><a href=\"http:\/\/elzocodelakkamanda.blogspot.com\/\" target=\"_blank\"> El zoco de Lakkmanda<\/a><\/p>\n<p><a href=\"http:\/\/www.elkraken.com\/Esp\/index-esp.htm\" target=\"_blank\">La Biblioteca del Kraken<\/a><\/p>\n<p><a href=\"http:\/\/www.labitacoradeltigre.com\/\" target=\"_blank\">La bit\u00e1cora del Tigre<\/a><\/p>\n<p><a href=\"http:\/\/espiraltangencia.blogspot.com\/\" target=\"_blank\"> La espiral tangencial<\/a><\/p>\n<p><a href=\"http:\/\/blogs.cincodias.com\/la-nueva-cultura\/\" target=\"_blank\">La nueva cultura<\/a><\/p>\n<p><a href=\"http:\/\/laviejaraza.blogspot.com\" target=\"_blank\">La vieja raza<\/a><\/p>\n<p><a href=\"http:\/\/literaturaenlostalones.blogspot.com\/\" target=\"_blank\">Literatura en los talones<\/a><\/p>\n<p><a title=\"Mares de tinta\" href=\"http:\/\/maresdetinta.wordpress.com\/\" target=\"_blank\">Mares de tinta<\/a><\/p>\n<p><a href=\"http:\/\/memoriasdeunfriki.blogspot.com\/\" target=\"_blank\"> Memorias de un friki<\/a><\/p>\n<p><a href=\"http:\/\/iarsang.blogspot.com\/\" target=\"_blank\"> Mi ego tambi\u00e9n sucumbi\u00f3<\/a><\/p>\n<p><a href=\"http:\/\/mitiquisimo.blogspot.com\/\" target=\"_blank\"> Pel\u00edculas y libros m\u00edticos<\/a><\/p>\n<p><a title=\"Noticias sobre novedades, autores...\" href=\"http:\/\/www.proserage.com\/\" target=\"_blank\">ProseRage<\/a><\/p>\n<p><a href=\"http:\/\/juanmasantiagoblog.blogspot.com\/\" target=\"_blank\"> Pornograf\u00eda emocional<\/a><\/p>\n<p><a href=\"http:\/\/reyesytruenos.blogspot.com\/\" target=\"_blank\">Reyes y Truenos<\/a><\/p>\n<p><a title=\"El blog de Odo\" href=\"http:\/\/sentidodelamaravilla.blogspot.com\/2012\/01\/lecturas-conjuntas-en-cifituits.html\" target=\"_blank\">Sense Of Wonder<\/a><\/p>\n<p><a href=\"http:\/\/yarhel.blogspot.com\/\" target=\"_blank\">El mundo de Yarhel<\/a><\/p>\n<p><span style=\"text-decoration: underline;\"><span style=\"font-size: medium;\"><strong>Twitter<\/strong><\/span><\/span><\/p>\n<p><a title=\"Jaume Fuster fant\u00e0stic\" href=\"http:\/\/twitter.com\/CLLFJaumeFuster\" target=\"_blank\">Club de literatura fant\u00e1stica de la biblioteca Jaume Fuster<\/a><\/p>\n","protected":false},"excerpt":{"rendered":"<p>Webs de recursos Alt +64 La tercera fundaci\u00f3n Lecturalia Literatura fant\u00e1stica Lee Libros P\u00e1gina sobre Isaac Asimov de Rodolfo Mart\u00ednez T\u00e9rminus Tr\u00e1ntor Revistas y webs de cr\u00edtica Alfa Eridani Aurora Bitzine Bem Online Bibli\u00f3polis C, el hijo de Cyberdark Cuasar [&hellip;]<\/p>\n","protected":false},"author":1,"featured_media":0,"parent":0,"menu_order":0,"comment_status":"closed","ping_status":"open","template":"","meta":{"footnotes":""},"class_list":["post-11","page","type-page","status-publish","hentry"],"_links":{"self":[{"href":"https:\/\/www.literaturaprospectiva.com\/index.php?rest_route=\/wp\/v2\/pages\/11","targetHints":{"allow":["GET"]}}],"collection":[{"href":"https:\/\/www.literaturaprospectiva.com\/index.php?rest_route=\/wp\/v2\/pages"}],"about":[{"href":"https:\/\/www.literaturaprospectiva.com\/index.php?rest_route=\/wp\/v2\/types\/page"}],"author":[{"embeddable":true,"href":"https:\/\/www.literaturaprospectiva.com\/index.php?rest_route=\/wp\/v2\/users\/1"}],"replies":[{"embeddable":true,"href":"https:\/\/www.literaturaprospectiva.com\/index.php?rest_route=%2Fwp%2Fv2%2Fcomments&post=11"}],"version-history":[{"count":46,"href":"https:\/\/www.literaturaprospectiva.com\/index.php?rest_route=\/wp\/v2\/pages\/11\/revisions"}],"predecessor-version":[{"id":14,"href":"https:\/\/www.literaturaprospectiva.com\/index.php?rest_route=\/wp\/v2\/pages\/11\/revisions\/14"}],"wp:attachment":[{"href":"https:\/\/www.literaturaprospectiva.com\/index.php?rest_route=%2Fwp%2Fv2%2Fmedia&parent=11"}],"curies":[{"name":"wp","href":"https:\/\/api.w.org\/{rel}","templated":true}]}}